{"id":15,"date":"2026-04-06T14:52:14","date_gmt":"2026-04-06T14:52:14","guid":{"rendered":"https:\/\/gzm-tech.fr\/?page_id=15"},"modified":"2026-04-06T17:21:40","modified_gmt":"2026-04-06T17:21:40","slug":"accueil","status":"publish","type":"page","link":"https:\/\/gzm-tech.fr\/","title":{"rendered":""},"content":{"rendered":"\t\t<div data-elementor-type=\"wp-page\" data-elementor-id=\"15\" class=\"elementor elementor-15\">\n\t\t\t\t\t\t<div class=\"elementor-element elementor-element-933f4f6 e-con e-atomic-element e-flexbox-base e-933f4f6-d7250a6\" data-id=\"933f4f6\" data-element_type=\"e-flexbox\" data-e-type=\"e-flexbox\" data-interaction-id=\"933f4f6\">\n\t\t\t\t\t\t\t<h2 \n\t\tdata-interaction-id=\"01b9796\" \n\t\tclass=\"e-01b9796-27af390 e-heading-base\" \n\t\t \n\t\t\n\t>\n\t\n\t\t\t<em id=\"e-mnnfl2yg-s4907zp\">Bienvenue chez GZM-TECH<\/em>\n\t\t<\/h2>\n\t\t\t\t<\/div>\n\t\t\t\t<div class=\"elementor-element elementor-element-e43ee05 e-con e-atomic-element e-flexbox-base e-e43ee05-28cbd97\" data-id=\"e43ee05\" data-element_type=\"e-flexbox\" data-e-type=\"e-flexbox\" data-interaction-id=\"e43ee05\">\n\t\t\t\t\t\t\t\t<p class=\"e-193e3d0-adb0872 e-paragraph-base\" data-interaction-id=\"193e3d0\"  >\n\t\t\t\t\t\t\t\t\u00c0 Propos de GZM-TECH<br><br>Observer, Concevoir, Concr\u00e9tiser, tels sont les moteurs de GZM-TECH ! De la conception \u00e0 la fabrication, GZM-TECH r\u00e9pond aux besoins du quotidien.Passionn\u00e9 par les technologies, ing\u00e9nieur de formation, inventeur dans l'\u00e2me, ma principale source de motivation est d'identifier des probl\u00e9matiques, et d'y apporter des r\u00e9ponses.\u200bD\u00e9couvrez les produits que j'ai imagin\u00e9 pour vous !\u200bVous avez une id\u00e9e, un projet ?&nbsp; Je suis l\u00e0 pour vous accompagner dans les phases de design et de prototypage !\u200b\u200b\n\t\t\t\t\t<\/p>\n\t\t\t\t<\/div>\n\t\t\t\t<\/div>\n\t\t","protected":false},"excerpt":{"rendered":"<p>Bienvenue chez GZM-TECH \u00c0 Propos de GZM-TECH Observer, Concevoir, Concr\u00e9tiser, tels sont les moteurs de GZM-TECH ! De la conception \u00e0 la fabrication, GZM-TECH r\u00e9pond aux besoins du quotidien.Passionn\u00e9 par les technologies, ing\u00e9nieur de formation, inventeur dans l&#8217;\u00e2me, ma principale source de motivation est d&#8217;identifier des probl\u00e9matiques, et d&#8217;y apporter des r\u00e9ponses.\u200bD\u00e9couvrez les produits que [&hellip;]<\/p>\n","protected":false},"author":1,"featured_media":0,"parent":0,"menu_order":0,"comment_status":"closed","ping_status":"closed","template":"","meta":{"footnotes":""},"class_list":["post-15","page","type-page","status-publish","hentry","entry"],"yoast_head":"<!-- This site is optimized with the Yoast SEO plugin v27.3 - https:\/\/yoast.com\/product\/yoast-seo-wordpress\/ -->\n<title>- GZM-TECH<\/title>\n<meta name=\"robots\" content=\"index, follow, max-snippet:-1, max-image-preview:large, max-video-preview:-1\" \/>\n<link rel=\"canonical\" href=\"http:\/\/gzm-tech.fr\/\" \/>\n<meta property=\"og:locale\" content=\"en_US\" \/>\n<meta property=\"og:type\" content=\"article\" \/>\n<meta property=\"og:title\" content=\"- GZM-TECH\" \/>\n<meta property=\"og:description\" content=\"Bienvenue chez GZM-TECH \u00c0 Propos de GZM-TECH Observer, Concevoir, Concr\u00e9tiser, tels sont les moteurs de GZM-TECH ! De la conception \u00e0 la fabrication, GZM-TECH r\u00e9pond aux besoins du quotidien.Passionn\u00e9 par les technologies, ing\u00e9nieur de formation, inventeur dans l&#8217;\u00e2me, ma principale source de motivation est d&#8217;identifier des probl\u00e9matiques, et d&#8217;y apporter des r\u00e9ponses.\u200bD\u00e9couvrez les produits que [&hellip;]\" \/>\n<meta property=\"og:url\" content=\"http:\/\/gzm-tech.fr\/\" \/>\n<meta property=\"og:site_name\" content=\"GZM-TECH\" \/>\n<meta property=\"article:modified_time\" content=\"2026-04-06T17:21:40+00:00\" \/>\n<meta name=\"twitter:card\" content=\"summary_large_image\" \/>\n<meta name=\"twitter:label1\" content=\"Est. reading time\" \/>\n\t<meta name=\"twitter:data1\" content=\"1 minute\" \/>\n<script type=\"application\/ld+json\" class=\"yoast-schema-graph\">{\"@context\":\"https:\\\/\\\/schema.org\",\"@graph\":[{\"@type\":\"WebPage\",\"@id\":\"http:\\\/\\\/gzm-tech.fr\\\/\",\"url\":\"http:\\\/\\\/gzm-tech.fr\\\/\",\"name\":\"- GZM-TECH\",\"isPartOf\":{\"@id\":\"http:\\\/\\\/gzm-tech.fr\\\/#website\"},\"datePublished\":\"2026-04-06T14:52:14+00:00\",\"dateModified\":\"2026-04-06T17:21:40+00:00\",\"inLanguage\":\"en-US\",\"potentialAction\":[{\"@type\":\"ReadAction\",\"target\":[\"http:\\\/\\\/gzm-tech.fr\\\/\"]}]},{\"@type\":\"WebSite\",\"@id\":\"http:\\\/\\\/gzm-tech.fr\\\/#website\",\"url\":\"http:\\\/\\\/gzm-tech.fr\\\/\",\"name\":\"GZM-TECH\",\"description\":\"Observer, Concevoir, Concr\u00e9tiser...\",\"publisher\":{\"@id\":\"http:\\\/\\\/gzm-tech.fr\\\/#organization\"},\"potentialAction\":[{\"@type\":\"SearchAction\",\"target\":{\"@type\":\"EntryPoint\",\"urlTemplate\":\"http:\\\/\\\/gzm-tech.fr\\\/?s={search_term_string}\"},\"query-input\":{\"@type\":\"PropertyValueSpecification\",\"valueRequired\":true,\"valueName\":\"search_term_string\"}}],\"inLanguage\":\"en-US\"},{\"@type\":\"Organization\",\"@id\":\"http:\\\/\\\/gzm-tech.fr\\\/#organization\",\"name\":\"GZM-TECH\",\"url\":\"http:\\\/\\\/gzm-tech.fr\\\/\",\"logo\":{\"@type\":\"ImageObject\",\"inLanguage\":\"en-US\",\"@id\":\"http:\\\/\\\/gzm-tech.fr\\\/#\\\/schema\\\/logo\\\/image\\\/\",\"url\":\"https:\\\/\\\/gzm-tech.fr\\\/wp-content\\\/uploads\\\/2026\\\/04\\\/cropped-logoGZM_carbon.jpg\",\"contentUrl\":\"https:\\\/\\\/gzm-tech.fr\\\/wp-content\\\/uploads\\\/2026\\\/04\\\/cropped-logoGZM_carbon.jpg\",\"width\":530,\"height\":145,\"caption\":\"GZM-TECH\"},\"image\":{\"@id\":\"http:\\\/\\\/gzm-tech.fr\\\/#\\\/schema\\\/logo\\\/image\\\/\"}}]}<\/script>\n<!-- \/ Yoast SEO plugin. -->","yoast_head_json":{"title":"- GZM-TECH","robots":{"index":"index","follow":"follow","max-snippet":"max-snippet:-1","max-image-preview":"max-image-preview:large","max-video-preview":"max-video-preview:-1"},"canonical":"http:\/\/gzm-tech.fr\/","og_locale":"en_US","og_type":"article","og_title":"- GZM-TECH","og_description":"Bienvenue chez GZM-TECH \u00c0 Propos de GZM-TECH Observer, Concevoir, Concr\u00e9tiser, tels sont les moteurs de GZM-TECH ! De la conception \u00e0 la fabrication, GZM-TECH r\u00e9pond aux besoins du quotidien.Passionn\u00e9 par les technologies, ing\u00e9nieur de formation, inventeur dans l&#8217;\u00e2me, ma principale source de motivation est d&#8217;identifier des probl\u00e9matiques, et d&#8217;y apporter des r\u00e9ponses.\u200bD\u00e9couvrez les produits que [&hellip;]","og_url":"http:\/\/gzm-tech.fr\/","og_site_name":"GZM-TECH","article_modified_time":"2026-04-06T17:21:40+00:00","twitter_card":"summary_large_image","twitter_misc":{"Est. reading time":"1 minute"},"schema":{"@context":"https:\/\/schema.org","@graph":[{"@type":"WebPage","@id":"http:\/\/gzm-tech.fr\/","url":"http:\/\/gzm-tech.fr\/","name":"- GZM-TECH","isPartOf":{"@id":"http:\/\/gzm-tech.fr\/#website"},"datePublished":"2026-04-06T14:52:14+00:00","dateModified":"2026-04-06T17:21:40+00:00","inLanguage":"en-US","potentialAction":[{"@type":"ReadAction","target":["http:\/\/gzm-tech.fr\/"]}]},{"@type":"WebSite","@id":"http:\/\/gzm-tech.fr\/#website","url":"http:\/\/gzm-tech.fr\/","name":"GZM-TECH","description":"Observer, Concevoir, Concr\u00e9tiser...","publisher":{"@id":"http:\/\/gzm-tech.fr\/#organization"},"potentialAction":[{"@type":"SearchAction","target":{"@type":"EntryPoint","urlTemplate":"http:\/\/gzm-tech.fr\/?s={search_term_string}"},"query-input":{"@type":"PropertyValueSpecification","valueRequired":true,"valueName":"search_term_string"}}],"inLanguage":"en-US"},{"@type":"Organization","@id":"http:\/\/gzm-tech.fr\/#organization","name":"GZM-TECH","url":"http:\/\/gzm-tech.fr\/","logo":{"@type":"ImageObject","inLanguage":"en-US","@id":"http:\/\/gzm-tech.fr\/#\/schema\/logo\/image\/","url":"https:\/\/gzm-tech.fr\/wp-content\/uploads\/2026\/04\/cropped-logoGZM_carbon.jpg","contentUrl":"https:\/\/gzm-tech.fr\/wp-content\/uploads\/2026\/04\/cropped-logoGZM_carbon.jpg","width":530,"height":145,"caption":"GZM-TECH"},"image":{"@id":"http:\/\/gzm-tech.fr\/#\/schema\/logo\/image\/"}}]}},"_links":{"self":[{"href":"https:\/\/gzm-tech.fr\/index.php?rest_route=\/wp\/v2\/pages\/15","targetHints":{"allow":["GET"]}}],"collection":[{"href":"https:\/\/gzm-tech.fr\/index.php?rest_route=\/wp\/v2\/pages"}],"about":[{"href":"https:\/\/gzm-tech.fr\/index.php?rest_route=\/wp\/v2\/types\/page"}],"author":[{"embeddable":true,"href":"https:\/\/gzm-tech.fr\/index.php?rest_route=\/wp\/v2\/users\/1"}],"replies":[{"embeddable":true,"href":"https:\/\/gzm-tech.fr\/index.php?rest_route=%2Fwp%2Fv2%2Fcomments&post=15"}],"version-history":[{"count":20,"href":"https:\/\/gzm-tech.fr\/index.php?rest_route=\/wp\/v2\/pages\/15\/revisions"}],"predecessor-version":[{"id":57,"href":"https:\/\/gzm-tech.fr\/index.php?rest_route=\/wp\/v2\/pages\/15\/revisions\/57"}],"wp:attachment":[{"href":"https:\/\/gzm-tech.fr\/index.php?rest_route=%2Fwp%2Fv2%2Fmedia&parent=15"}],"curies":[{"name":"wp","href":"https:\/\/api.w.org\/{rel}","templated":true}]}}